{"id":101,"date":"2021-10-04T01:40:03","date_gmt":"2021-10-04T01:40:03","guid":{"rendered":"https:\/\/megaparts.com.co\/?page_id=101"},"modified":"2024-10-24T23:28:57","modified_gmt":"2024-10-24T23:28:57","slug":"conocenos","status":"publish","type":"page","link":"https:\/\/megaparts.com.co\/index.php\/conocenos\/","title":{"rendered":"Con\u00f3cenos"},"content":{"rendered":"<p>[et_pb_section fb_built=&#8221;1&#8243; admin_label=&#8221;Hero section&#8221; _builder_version=&#8221;4.16&#8243; background_image=&#8221;http:\/\/megaparts.com.co\/wp-content\/uploads\/2021\/10\/img3-17-min.png&#8221; background_position=&#8221;top_center&#8221; custom_margin=&#8221;-3px||||false|false&#8221; custom_padding=&#8221;5%||10.4%||false|false&#8221; global_colors_info=&#8221;{}&#8221;][et_pb_row _builder_version=&#8221;4.16&#8243; _module_preset=&#8221;default&#8221; animation_style=&#8221;flip&#8221; global_colors_info=&#8221;{}&#8221;][et_pb_column type=&#8221;4_4&#8243; _builder_version=&#8221;4.16&#8243; _module_preset=&#8221;default&#8221; global_colors_info=&#8221;{}&#8221;][et_pb_image src=&#8221;http:\/\/megaparts.com.co\/wp-content\/uploads\/2021\/10\/logo-azul-y-blaco-09-min.png&#8221; title_text=&#8221;logo azul y blaco-09-min&#8221; align=&#8221;center&#8221; _builder_version=&#8221;4.16&#8243; _module_preset=&#8221;default&#8221; width=&#8221;37%&#8221; width_tablet=&#8221;&#8221; width_phone=&#8221;76%&#8221; width_last_edited=&#8221;on|phone&#8221; animation_style=&#8221;fade&#8221; global_colors_info=&#8221;{}&#8221;][\/et_pb_image][et_pb_menu menu_style=&#8221;centered&#8221; active_link_color=&#8221;#61a730&#8243; dropdown_menu_bg_color=&#8221;#2e5274&#8243; dropdown_menu_line_color=&#8221;#7cda24&#8243; dropdown_menu_text_color=&#8221;#FFFFFF&#8221; mobile_menu_bg_color=&#8221;#2e5274&#8243; mobile_menu_text_color=&#8221;#FFFFFF&#8221; menu_icon_color=&#8221;#FFFFFF&#8221; _builder_version=&#8221;4.16&#8243; _module_preset=&#8221;default&#8221; menu_font=&#8221;Alata||||||||&#8221; menu_text_color=&#8221;#FFFFFF&#8221; menu_font_size=&#8221;21px&#8221; menu_letter_spacing=&#8221;4px&#8221; background_enable_color=&#8221;off&#8221; global_colors_info=&#8221;{}&#8221;][\/et_pb_menu][\/et_pb_column][\/et_pb_row][\/et_pb_section][et_pb_section fb_built=&#8221;1&#8243; custom_padding_last_edited=&#8221;on|phone&#8221; _builder_version=&#8221;4.16&#8243; _module_preset=&#8221;default&#8221; background_color=&#8221;RGBA(0,0,0,0)&#8221; background_image=&#8221;http:\/\/megaparts.com.co\/wp-content\/uploads\/2021\/10\/fondo2-18-min2.png&#8221; custom_margin=&#8221;-308px|||||&#8221; custom_margin_tablet=&#8221;&#8221; custom_margin_phone=&#8221;-527px||||false|false&#8221; custom_margin_last_edited=&#8221;on|phone&#8221; custom_padding=&#8221;337px||303px||false|&#8221; custom_padding_tablet=&#8221;&#8221; custom_padding_phone=&#8221;541px||408px||false|false&#8221; global_colors_info=&#8221;{}&#8221;][et_pb_row _builder_version=&#8221;4.16&#8243; _module_preset=&#8221;default&#8221; custom_margin=&#8221;4px|auto||auto||&#8221; global_colors_info=&#8221;{}&#8221;][et_pb_column type=&#8221;4_4&#8243; _builder_version=&#8221;4.16&#8243; _module_preset=&#8221;default&#8221; global_colors_info=&#8221;{}&#8221;][et_pb_text _builder_version=&#8221;4.16&#8243; _module_preset=&#8221;default&#8221; header_font=&#8221;Amiko|700||on|||||&#8221; header_text_align=&#8221;center&#8221; header_text_color=&#8221;#FFFFFF&#8221; header_font_size=&#8221;47px&#8221; custom_margin=&#8221;||-13px|||&#8221; header_font_size_tablet=&#8221;&#8221; header_font_size_phone=&#8221;42px&#8221; header_font_size_last_edited=&#8221;on|phone&#8221; header_text_shadow_style=&#8221;preset1&#8243; global_colors_info=&#8221;{}&#8221;]<\/p>\n<h1>CON\u00d3CENOS<\/h1>\n<p>[\/et_pb_text][et_pb_divider color=&#8221;#61a730&#8243; divider_position=&#8221;center&#8221; divider_weight=&#8221;3px&#8221; _builder_version=&#8221;4.16&#8243; _module_preset=&#8221;default&#8221; width=&#8221;37%&#8221; module_alignment=&#8221;center&#8221; global_colors_info=&#8221;{}&#8221;][\/et_pb_divider][et_pb_text _builder_version=&#8221;4.25.1&#8243; _module_preset=&#8221;default&#8221; text_text_color=&#8221;#FFFFFF&#8221; text_font_size=&#8221;20px&#8221; text_line_height=&#8221;1.5em&#8221; custom_margin=&#8221;|18px||18px|false|true&#8221; custom_margin_tablet=&#8221;&#8221; custom_margin_phone=&#8221;&#8221; custom_margin_last_edited=&#8221;on|desktop&#8221; animation_style=&#8221;fade&#8221; text_font_size_tablet=&#8221;&#8221; text_font_size_phone=&#8221;18px&#8221; text_font_size_last_edited=&#8221;on|phone&#8221; global_colors_info=&#8221;{}&#8221;]<\/p>\n<p style=\"text-align: center;\">Nuevas <strong>MEGA MARCAS<\/strong> se unen a nuestro camino<\/p>\n<p style=\"text-align: center;\"><span style=\"color: #88cff1;\"><strong>HELLA :<\/strong> <\/span>con su ingenier\u00eda ALEMANA, nos brinda calidad en productos el\u00e9ctricos; tenemos disponible una amplia gama de productos.<\/p>\n<p style=\"text-align: center;\"><span style=\"color: #88cff1;\"><strong>SKF:<\/strong><\/span> fundada en Suecia y con reconocimiento a nivel mundial, nos brinda todo tipo de autopartes a la vanguardia de la tecnolog\u00eda del sector.<\/p>\n<p style=\"text-align: center;\"><span style=\"color: #88cff1;\"><strong>POWER T: <\/strong><\/span>con base en dise\u00f1os e ingenieria Americana y Europea, nos brinda una amplia gama de turbos y partes de alto rendimiento para las aplicaciones del mercado Colombiano.<\/p>\n<p style=\"text-align: center;\">Gracias a la experiencia, con 18 a\u00f1os en el mercado automotriz, la calidad, respaldo y pol\u00edticas de trabajo enfocadas en el cliente, <strong>MEGAPARTS<\/strong> es una empresa l\u00edder en el mercado automotriz.<\/p>\n<p style=\"text-align: center;\">Te invitamos a ver el gran cat\u00e1logo de productos que tenemos para ti. A continuaci\u00f3n puedes seleccionar la marca de tu inter\u00e9s, darle clic, e ingresar para observar todo el inventario que tenemos de estas tres marcas.<\/p>\n<p>[\/et_pb_text][\/et_pb_column][\/et_pb_row][\/et_pb_section][et_pb_section fb_built=&#8221;1&#8243; custom_padding_last_edited=&#8221;on|phone&#8221; _builder_version=&#8221;4.16&#8243; _module_preset=&#8221;default&#8221; background_image=&#8221;http:\/\/megaparts.com.co\/wp-content\/uploads\/2021\/10\/fondo3-19-min.png&#8221; custom_margin_tablet=&#8221;&#8221; custom_margin_phone=&#8221;-271px||||false|false&#8221; custom_margin_last_edited=&#8221;on|phone&#8221; custom_padding=&#8221;18px||138px||false|&#8221; custom_padding_tablet=&#8221;&#8221; custom_padding_phone=&#8221;0px||138px||false|false&#8221; global_colors_info=&#8221;{}&#8221;][et_pb_row _builder_version=&#8221;4.16&#8243; _module_preset=&#8221;default&#8221; custom_margin=&#8221;-31px|auto||auto||&#8221; global_colors_info=&#8221;{}&#8221;][et_pb_column type=&#8221;4_4&#8243; _builder_version=&#8221;4.16&#8243; _module_preset=&#8221;default&#8221; global_colors_info=&#8221;{}&#8221;][et_pb_text _builder_version=&#8221;4.16&#8243; _module_preset=&#8221;default&#8221; header_font=&#8221;Amiko|700||on|||||&#8221; header_text_align=&#8221;center&#8221; header_text_color=&#8221;#707e7a&#8221; header_font_size=&#8221;47px&#8221; custom_margin=&#8221;||-13px|||&#8221; custom_padding=&#8221;1px|||||&#8221; global_colors_info=&#8221;{}&#8221;]<\/p>\n<h1>Misi\u00f3n<\/h1>\n<p>[\/et_pb_text][\/et_pb_column][\/et_pb_row][et_pb_row custom_padding_last_edited=&#8221;on|phone&#8221; _builder_version=&#8221;4.25.1&#8243; _module_preset=&#8221;default&#8221; background_image=&#8221;http:\/\/megaparts.com.co\/wp-content\/uploads\/2021\/10\/caja1-21-min.png&#8221; custom_margin=&#8221;||||false|true&#8221; custom_padding=&#8221;57px||112px||false|&#8221; custom_padding_tablet=&#8221;&#8221; custom_padding_phone=&#8221;||||false|true&#8221; animation_style=&#8221;slide&#8221; animation_direction=&#8221;right&#8221; background_last_edited=&#8221;on|phone&#8221; background_image_phone=&#8221;http:\/\/megaparts.com.co\/wp-content\/uploads\/2021\/10\/caja-2-22-min.png&#8221; background_enable_image_phone=&#8221;on&#8221; background_size_phone=&#8221;cover&#8221; global_colors_info=&#8221;{}&#8221;][et_pb_column type=&#8221;4_4&#8243; _builder_version=&#8221;4.16&#8243; _module_preset=&#8221;default&#8221; global_colors_info=&#8221;{}&#8221;][et_pb_blurb image=&#8221;http:\/\/megaparts.com.co\/wp-content\/uploads\/2021\/10\/icon-1-10-min.png&#8221; image_icon_width=&#8221;12%&#8221; content_max_width=&#8221;694px&#8221; image_icon_width_tablet=&#8221;12%&#8221; image_icon_width_phone=&#8221;21%&#8221; image_icon_width_last_edited=&#8221;on|phone&#8221; _builder_version=&#8221;4.16&#8243; _module_preset=&#8221;default&#8221; body_text_align=&#8221;center&#8221; body_text_color=&#8221;#FFFFFF&#8221; custom_margin_tablet=&#8221;&#8221; custom_margin_phone=&#8221;17px|28px||28px|false|true&#8221; custom_margin_last_edited=&#8221;on|phone&#8221; custom_padding=&#8221;||||false|true&#8221; image_max_width=&#8221;12%&#8221; image_max_width_tablet=&#8221;&#8221; image_max_width_phone=&#8221;21%&#8221; image_max_width_last_edited=&#8221;on|phone&#8221; global_colors_info=&#8221;{}&#8221;]<\/p>\n<p>Satisfacer con excelencia las necesidades de repuestos y servicios del mercado automotriz, procurando la preferencia de nuestros clientes por la calidad en el servicio y la competitividad de los precios en el mercado.<\/p>\n<p>Brindar soluciones oportunas y confiables en la l\u00ednea de repuestos, ofreciendo respaldo y confianza al mercado del transporte que desarrollan a diario su actividad.<\/p>\n<p>[\/et_pb_blurb][\/et_pb_column][\/et_pb_row][et_pb_row column_structure=&#8221;1_2,1_2&#8243; _builder_version=&#8221;4.25.1&#8243; _module_preset=&#8221;default&#8221; custom_margin=&#8221;58px|auto||auto||&#8221; animation_style=&#8221;slide&#8221; animation_direction=&#8221;left&#8221; global_colors_info=&#8221;{}&#8221;][et_pb_column type=&#8221;1_2&#8243; _builder_version=&#8221;4.16&#8243; _module_preset=&#8221;default&#8221; background_enable_image=&#8221;off&#8221; custom_padding=&#8221;||||true|false&#8221; global_colors_info=&#8221;{}&#8221;][et_pb_text _builder_version=&#8221;4.16&#8243; _module_preset=&#8221;default&#8221; header_font=&#8221;Amiko|700||on|||||&#8221; header_text_align=&#8221;center&#8221; header_text_color=&#8221;#707e7a&#8221; header_font_size=&#8221;47px&#8221; custom_margin=&#8221;||-13px|||&#8221; custom_padding=&#8221;1px|||||&#8221; global_colors_info=&#8221;{}&#8221;]<\/p>\n<h1>Visi\u00f3n<\/h1>\n<p>[\/et_pb_text][et_pb_blurb image=&#8221;http:\/\/megaparts.com.co\/wp-content\/uploads\/2021\/10\/icon-2-11-min.png&#8221; image_icon_width=&#8221;23%&#8221; image_icon_width_tablet=&#8221;23%&#8221; image_icon_width_phone=&#8221;25%&#8221; image_icon_width_last_edited=&#8221;on|phone&#8221; _builder_version=&#8221;4.16&#8243; _module_preset=&#8221;default&#8221; body_text_align=&#8221;center&#8221; body_text_color=&#8221;#FFFFFF&#8221; background_image=&#8221;http:\/\/megaparts.com.co\/wp-content\/uploads\/2021\/10\/caja-2-22-min.png&#8221; custom_margin=&#8221;||||true&#8221; custom_padding=&#8221;68px|72px|68px|72px|true|true&#8221; custom_padding_tablet=&#8221;&#8221; custom_padding_phone=&#8221;68px|30px|68px|30px|true|true&#8221; custom_padding_last_edited=&#8221;on|phone&#8221; image_max_width=&#8221;23%&#8221; image_max_width_tablet=&#8221;&#8221; image_max_width_phone=&#8221;25%&#8221; image_max_width_last_edited=&#8221;on|phone&#8221; global_colors_info=&#8221;{}&#8221;]<\/p>\n<p>Ser la empresa l\u00edder en importaci\u00f3n y comercializaci\u00f3n de repuestos automotores para todas las marcas, reconocida por la calidad y variedad de sus productos y la vocaci\u00f3n de servicio al cliente.<\/p>\n<p>[\/et_pb_blurb][\/et_pb_column][et_pb_column type=&#8221;1_2&#8243; _builder_version=&#8221;4.16&#8243; _module_preset=&#8221;default&#8221; global_colors_info=&#8221;{}&#8221;][et_pb_text _builder_version=&#8221;4.16&#8243; _module_preset=&#8221;default&#8221; header_font=&#8221;Amiko|700||on|||||&#8221; header_text_align=&#8221;center&#8221; header_text_color=&#8221;#707e7a&#8221; header_font_size=&#8221;47px&#8221; custom_margin=&#8221;||-13px|||&#8221; custom_padding=&#8221;1px|||||&#8221; global_colors_info=&#8221;{}&#8221;]<\/p>\n<h1>Objetivo<\/h1>\n<p>[\/et_pb_text][et_pb_blurb image=&#8221;http:\/\/megaparts.com.co\/wp-content\/uploads\/2021\/10\/icon-3-12-min.png&#8221; image_icon_width=&#8221;24%&#8221; _builder_version=&#8221;4.16&#8243; _module_preset=&#8221;default&#8221; body_text_align=&#8221;center&#8221; body_text_color=&#8221;#FFFFFF&#8221; background_image=&#8221;http:\/\/megaparts.com.co\/wp-content\/uploads\/2021\/10\/caja-2-22-min.png&#8221; custom_margin=&#8221;||||true&#8221; custom_padding=&#8221;57px|68px|57px|68px|true|true&#8221; custom_padding_tablet=&#8221;&#8221; custom_padding_phone=&#8221;57px|30px|57px|30px|true|true&#8221; custom_padding_last_edited=&#8221;on|phone&#8221; image_max_width=&#8221;24%&#8221; global_colors_info=&#8221;{}&#8221;]<\/p>\n<p>Satisfacer las necesidades de nuestros clientes en cuanto a la l\u00ednea de repuestos se refiere, teniendo siempre la mercanc\u00eda disponible y variedad de productos con los mejores est\u00e1ndares de calidad para ser m\u00e1s competitivos.<\/p>\n<p>[\/et_pb_blurb][\/et_pb_column][\/et_pb_row][\/et_pb_section][et_pb_section fb_built=&#8221;1&#8243; admin_label=&#8221;Features&#8221; _builder_version=&#8221;4.16&#8243; background_image=&#8221;http:\/\/megaparts.com.co\/wp-content\/uploads\/2021\/10\/img4-20-min.png&#8221; custom_margin=&#8221;-7px|||||&#8221; custom_padding=&#8221;140px|0px|140px|0px|true|&#8221; global_colors_info=&#8221;{}&#8221;][et_pb_row _builder_version=&#8221;4.16&#8243; custom_margin=&#8221;|||&#8221; global_colors_info=&#8221;{}&#8221;][et_pb_column type=&#8221;4_4&#8243; _builder_version=&#8221;4.16&#8243; custom_padding=&#8221;|||&#8221; global_colors_info=&#8221;{}&#8221; custom_padding__hover=&#8221;|||&#8221;][et_pb_text _builder_version=&#8221;4.16&#8243; text_font=&#8221;Lato||||||||&#8221; text_text_color=&#8221;#898f99&#8243; text_font_size=&#8221;18px&#8221; text_line_height=&#8221;2em&#8221; header_font=&#8221;||||||||&#8221; header_2_font=&#8221;Lato|700|||||||&#8221; header_2_text_color=&#8221;#FFFFFF&#8221; header_2_font_size=&#8221;46px&#8221; header_2_letter_spacing=&#8221;7px&#8221; header_2_line_height=&#8221;1.5em&#8221; text_orientation=&#8221;center&#8221; max_width=&#8221;800px&#8221; module_alignment=&#8221;center&#8221; animation_style=&#8221;fade&#8221; header_2_font_size_tablet=&#8221;&#8221; header_2_font_size_phone=&#8221;34px&#8221; header_2_font_size_last_edited=&#8221;on|phone&#8221; locked=&#8221;off&#8221; global_colors_info=&#8221;{}&#8221;]<\/p>\n<h2>EXPERTOS EN<br \/>TURBOS Y AUTOPARTES<\/h2>\n<p>[\/et_pb_text][\/et_pb_column][\/et_pb_row][\/et_pb_section][et_pb_section fb_built=&#8221;1&#8243; _builder_version=&#8221;4.16&#8243; _module_preset=&#8221;default&#8221; background_color=&#8221;#2e5274&#8243; custom_padding=&#8221;82px||82px||true|&#8221; global_colors_info=&#8221;{}&#8221;][et_pb_row _builder_version=&#8221;4.16&#8243; _module_preset=&#8221;default&#8221; animation_style=&#8221;flip&#8221; global_colors_info=&#8221;{}&#8221;][et_pb_column type=&#8221;4_4&#8243; _builder_version=&#8221;4.16&#8243; _module_preset=&#8221;default&#8221; global_colors_info=&#8221;{}&#8221;][et_pb_image src=&#8221;http:\/\/megaparts.com.co\/wp-content\/uploads\/2021\/10\/logo-azul-y-blaco-09-min.png&#8221; title_text=&#8221;logo azul y blaco-09-min&#8221; align=&#8221;center&#8221; _builder_version=&#8221;4.16&#8243; _module_preset=&#8221;default&#8221; width=&#8221;30%&#8221; width_tablet=&#8221;&#8221; width_phone=&#8221;74%&#8221; width_last_edited=&#8221;on|phone&#8221; global_colors_info=&#8221;{}&#8221;][\/et_pb_image][et_pb_text _builder_version=&#8221;4.25.2&#8243; _module_preset=&#8221;default&#8221; text_text_color=&#8221;#FFFFFF&#8221; text_font_size=&#8221;19px&#8221; text_line_height=&#8221;1.6em&#8221; custom_margin=&#8221;||43px|||&#8221; text_font_size_tablet=&#8221;&#8221; text_font_size_phone=&#8221;17px&#8221; text_font_size_last_edited=&#8221;on|phone&#8221; global_colors_info=&#8221;{}&#8221;]<\/p>\n<p style=\"text-align: center;\">Calle 48 #66 &#8211; 30 Medell\u00edn &#8211; Colombia<br \/>PBX: 604 4482611 Celular: 3137974391<br \/>Gerencia@megaparts.com.co &#8211; www.megaparts.com.co<\/p>\n<p>[\/et_pb_text][et_pb_social_media_follow icon_color=&#8221;#2e5274&#8243; use_icon_font_size=&#8221;on&#8221; icon_font_size=&#8221;28px&#8221; icon_font_size_tablet=&#8221;&#8221; icon_font_size_phone=&#8221;25px&#8221; icon_font_size_last_edited=&#8221;on|phone&#8221; _builder_version=&#8221;4.27.2&#8243; _module_preset=&#8221;default&#8221; text_orientation=&#8221;center&#8221; animation_style=&#8221;fade&#8221; hover_enabled=&#8221;0&#8243; border_radii=&#8221;on|14px|14px|14px|14px&#8221; global_colors_info=&#8221;{}&#8221; sticky_enabled=&#8221;0&#8243;][et_pb_social_media_follow_network social_network=&#8221;facebook&#8221; url=&#8221;https:\/\/www.facebook.com\/spturbo\/&#8221; _builder_version=&#8221;4.16&#8243; _module_preset=&#8221;default&#8221; background_color=&#8221;#FFFFFF&#8221; background_enable_color=&#8221;on&#8221; global_colors_info=&#8221;{}&#8221; follow_button=&#8221;off&#8221; url_new_window=&#8221;on&#8221;]facebook[\/et_pb_social_media_follow_network][et_pb_social_media_follow_network social_network=&#8221;instagram&#8221; url=&#8221;https:\/\/instagram.com\/megapartsas?utm_medium=copy_link&#8221; _builder_version=&#8221;4.16&#8243; _module_preset=&#8221;default&#8221; background_color=&#8221;#FFFFFF&#8221; background_enable_color=&#8221;on&#8221; global_colors_info=&#8221;{}&#8221; follow_button=&#8221;off&#8221; url_new_window=&#8221;on&#8221;]instagram[\/et_pb_social_media_follow_network][et_pb_social_media_follow_network social_network=&#8221;linkedin&#8221; background_color=&#8221;#FFFFFF&#8221; _builder_version=&#8221;4.27.2&#8243; _module_preset=&#8221;default&#8221; follow_button=&#8221;off&#8221; url_new_window=&#8221;on&#8221; url=&#8221;https:\/\/www.linkedin.com\/in\/megaparts-s-a-s-988890236\/&#8221; background_enable_color=&#8221;on&#8221; hover_enabled=&#8221;0&#8243; sticky_enabled=&#8221;0&#8243;]linkedin[\/et_pb_social_media_follow_network][\/et_pb_social_media_follow][\/et_pb_column][\/et_pb_row][\/et_pb_section]<\/p>\n","protected":false},"excerpt":{"rendered":"<p>CON\u00d3CENOSNuevas MEGA MARCAS se unen a nuestro camino HELLA : con su ingenier\u00eda ALEMANA, nos brinda calidad en productos el\u00e9ctricos; tenemos disponible una amplia gama de productos. SKF: fundada en Suecia y con reconocimiento a nivel mundial, nos brinda todo tipo de autopartes a la vanguardia de la tecnolog\u00eda del sector. POWER T: con base en dise\u00f1os e ingenieria Americana y Europea, nos brinda una amplia gama de turbos y partes de alto rendimiento para las aplicaciones del mercado Colombiano. Gracias a la experiencia, con 18 a\u00f1os en el mercado automotriz, la calidad, respaldo y pol\u00edticas de trabajo enfocadas en el cliente, MEGAPARTS es una empresa l\u00edder en el mercado automotriz. Te invitamos a ver el gran cat\u00e1logo de productos que tenemos para ti. A continuaci\u00f3n puedes seleccionar la marca de tu inter\u00e9s, darle clic, e ingresar para observar todo el inventario que tenemos de estas tres marcas.Misi\u00f3nSatisfacer con excelencia las necesidades de repuestos y servicios del mercado automotriz, procurando la preferencia de nuestros clientes por la calidad en el servicio y la competitividad de los precios en el mercado. Brindar soluciones oportunas y confiables en la l\u00ednea de repuestos, ofreciendo respaldo y confianza al mercado del transporte que desarrollan [&hellip;]<\/p>\n","protected":false},"author":1,"featured_media":0,"parent":0,"menu_order":0,"comment_status":"closed","ping_status":"closed","template":"page-template-blank.php","meta":{"_et_pb_use_builder":"on","_et_pb_old_content":"","_et_gb_content_width":"","om_disable_all_campaigns":false,"_monsterinsights_skip_tracking":false,"_monsterinsights_sitenote_active":false,"_monsterinsights_sitenote_note":"","_monsterinsights_sitenote_category":0,"_joinchat":[],"footnotes":""},"class_list":["post-101","page","type-page","status-publish","hentry"],"aioseo_notices":[],"jetpack_sharing_enabled":true,"_links":{"self":[{"href":"https:\/\/megaparts.com.co\/index.php\/wp-json\/wp\/v2\/pages\/101","targetHints":{"allow":["GET"]}}],"collection":[{"href":"https:\/\/megaparts.com.co\/index.php\/wp-json\/wp\/v2\/pages"}],"about":[{"href":"https:\/\/megaparts.com.co\/index.php\/wp-json\/wp\/v2\/types\/page"}],"author":[{"embeddable":true,"href":"https:\/\/megaparts.com.co\/index.php\/wp-json\/wp\/v2\/users\/1"}],"replies":[{"embeddable":true,"href":"https:\/\/megaparts.com.co\/index.php\/wp-json\/wp\/v2\/comments?post=101"}],"version-history":[{"count":24,"href":"https:\/\/megaparts.com.co\/index.php\/wp-json\/wp\/v2\/pages\/101\/revisions"}],"predecessor-version":[{"id":754,"href":"https:\/\/megaparts.com.co\/index.php\/wp-json\/wp\/v2\/pages\/101\/revisions\/754"}],"wp:attachment":[{"href":"https:\/\/megaparts.com.co\/index.php\/wp-json\/wp\/v2\/media?parent=101"}],"curies":[{"name":"wp","href":"https:\/\/api.w.org\/{rel}","templated":true}]}}