{"id":117,"date":"2021-10-04T02:18:24","date_gmt":"2021-10-04T02:18:24","guid":{"rendered":"https:\/\/megaparts.com.co\/?page_id=117"},"modified":"2024-10-24T23:29:52","modified_gmt":"2024-10-24T23:29:52","slug":"contacto","status":"publish","type":"page","link":"https:\/\/megaparts.com.co\/index.php\/contacto\/","title":{"rendered":"Cont\u00e1cto"},"content":{"rendered":"<p>[et_pb_section fb_built=&#8221;1&#8243; admin_label=&#8221;Hero section&#8221; _builder_version=&#8221;4.16&#8243; background_image=&#8221;http:\/\/megaparts.com.co\/wp-content\/uploads\/2021\/10\/ima1-08-min.png&#8221; background_position=&#8221;top_center&#8221; custom_margin=&#8221;|||&#8221; custom_padding=&#8221;10%||14%|&#8221; global_colors_info=&#8221;{}&#8221;][et_pb_row _builder_version=&#8221;4.16&#8243; _module_preset=&#8221;default&#8221; global_colors_info=&#8221;{}&#8221;][et_pb_column type=&#8221;4_4&#8243; _builder_version=&#8221;4.16&#8243; _module_preset=&#8221;default&#8221; global_colors_info=&#8221;{}&#8221;][et_pb_image src=&#8221;http:\/\/megaparts.com.co\/wp-content\/uploads\/2021\/10\/logo-azul-y-blaco-09-min.png&#8221; title_text=&#8221;logo azul y blaco-09-min&#8221; _builder_version=&#8221;4.16&#8243; _module_preset=&#8221;default&#8221; animation_style=&#8221;fade&#8221; global_colors_info=&#8221;{}&#8221;][\/et_pb_image][et_pb_menu menu_style=&#8221;centered&#8221; active_link_color=&#8221;#61a730&#8243; dropdown_menu_bg_color=&#8221;#2e5274&#8243; dropdown_menu_line_color=&#8221;#7cda24&#8243; dropdown_menu_text_color=&#8221;#FFFFFF&#8221; mobile_menu_bg_color=&#8221;#2e5274&#8243; mobile_menu_text_color=&#8221;#FFFFFF&#8221; menu_icon_color=&#8221;#FFFFFF&#8221; _builder_version=&#8221;4.16&#8243; _module_preset=&#8221;default&#8221; menu_font=&#8221;Alata||||||||&#8221; menu_text_color=&#8221;#FFFFFF&#8221; menu_font_size=&#8221;21px&#8221; menu_letter_spacing=&#8221;4px&#8221; background_enable_color=&#8221;off&#8221; global_colors_info=&#8221;{}&#8221;][\/et_pb_menu][\/et_pb_column][\/et_pb_row][\/et_pb_section][et_pb_section fb_built=&#8221;1&#8243; custom_padding_last_edited=&#8221;on|phone&#8221; _builder_version=&#8221;4.16&#8243; custom_padding=&#8221;54px|0px|72px|0px||&#8221; custom_padding_tablet=&#8221;&#8221; custom_padding_phone=&#8221;54px|0px|41px|0px|false|false&#8221; global_colors_info=&#8221;{}&#8221;][et_pb_row use_custom_gutter=&#8221;on&#8221; gutter_width=&#8221;1&#8243; _builder_version=&#8221;4.16&#8243; background_color=&#8221;#ffffff&#8221; background_size=&#8221;initial&#8221; background_position=&#8221;top_left&#8221; background_repeat=&#8221;repeat&#8221; max_width=&#8221;1440px&#8221; custom_margin=&#8221;-10%|||&#8221; custom_padding=&#8221;60px|0px|60px|0px&#8221; animation_style=&#8221;slide&#8221; animation_direction=&#8221;bottom&#8221; animation_intensity_slide=&#8221;6%&#8221; animation_starting_opacity=&#8221;100%&#8221; border_radii=&#8221;on|15px|15px|15px|15px&#8221; border_color_all=&#8221;#61a730&#8243; border_width_top=&#8221;18px&#8221; box_shadow_style=&#8221;preset3&#8243; box_shadow_vertical=&#8221;39px&#8221; box_shadow_blur=&#8221;80px&#8221; box_shadow_color=&#8221;rgba(0,0,0,0.1)&#8221; use_custom_width=&#8221;on&#8221; custom_width_px=&#8221;1440px&#8221; global_colors_info=&#8221;{}&#8221;][et_pb_column type=&#8221;4_4&#8243; _builder_version=&#8221;4.16&#8243; custom_padding=&#8221;|40px||40px&#8221; global_colors_info=&#8221;{}&#8221; custom_padding__hover=&#8221;|||&#8221;][et_pb_text _builder_version=&#8221;4.16&#8243; _module_preset=&#8221;default&#8221; header_font=&#8221;Amiko|700||on|||||&#8221; header_text_align=&#8221;center&#8221; header_text_color=&#8221;#707e7a&#8221; header_font_size=&#8221;47px&#8221; custom_margin=&#8221;||-13px|||&#8221; header_font_size_tablet=&#8221;&#8221; header_font_size_phone=&#8221;35px&#8221; header_font_size_last_edited=&#8221;on|phone&#8221; global_colors_info=&#8221;{}&#8221;]<\/p>\n<h1>Contacto<\/h1>\n<p>[\/et_pb_text][et_pb_divider color=&#8221;#61a730&#8243; divider_position=&#8221;center&#8221; divider_weight=&#8221;3px&#8221; _builder_version=&#8221;4.16&#8243; _module_preset=&#8221;default&#8221; width=&#8221;37%&#8221; module_alignment=&#8221;center&#8221; global_colors_info=&#8221;{}&#8221;][\/et_pb_divider][\/et_pb_column][\/et_pb_row][\/et_pb_section][et_pb_section fb_built=&#8221;1&#8243; custom_padding_last_edited=&#8221;on|phone&#8221; _builder_version=&#8221;4.16&#8243; _module_preset=&#8221;default&#8221; custom_padding=&#8221;6px||50px||false|&#8221; custom_padding_tablet=&#8221;&#8221; custom_padding_phone=&#8221;6px||0px||false|false&#8221; global_colors_info=&#8221;{}&#8221;][et_pb_row _builder_version=&#8221;4.16&#8243; _module_preset=&#8221;default&#8221; global_colors_info=&#8221;{}&#8221;][et_pb_column type=&#8221;4_4&#8243; _builder_version=&#8221;4.16&#8243; _module_preset=&#8221;default&#8221; global_colors_info=&#8221;{}&#8221;][et_pb_text _builder_version=&#8221;4.16&#8243; _module_preset=&#8221;default&#8221; text_font_size=&#8221;20px&#8221; text_line_height=&#8221;1.5em&#8221; custom_margin_tablet=&#8221;&#8221; custom_margin_phone=&#8221;|22px||22px|false|true&#8221; custom_margin_last_edited=&#8221;on|phone&#8221; animation_style=&#8221;fade&#8221; text_font_size_tablet=&#8221;&#8221; text_font_size_phone=&#8221;18px&#8221; text_font_size_last_edited=&#8221;on|phone&#8221; global_colors_info=&#8221;{}&#8221;]<\/p>\n<p style=\"text-align: center;\">Luego de esta breve rese\u00f1a, queremos hacer formal nuestra propuesta para establecer una relaci\u00f3n comercial con su empresa y cubrir todas sus necesidades en la l\u00ednea automotriz.<\/p>\n<p style=\"text-align: center;\">Le invitamos a que nos contactes a trav\u00e9s de los distintos medios que tenemos para ti: nuestro formulario te permite consultar sobre dudas e inquietudes puntuales, dilig\u00e9ncialo y nos pondremos en contacto contigo; a trav\u00e9s de nuestro bot\u00f3n de Whatsapp tambi\u00e9n podremos atender tus requerimientos; y por \u00faltimo te dejamos toda nuestra informaci\u00f3n de ubicaci\u00f3n, l\u00edneas telefonicas y redes sociales. Aproveche nuestros servicios, y tome ventaja de nuestros precios. Contactenos.<\/p>\n<p>[\/et_pb_text][\/et_pb_column][\/et_pb_row][\/et_pb_section][et_pb_section fb_built=&#8221;1&#8243; admin_label=&#8221;About Section&#8221; _builder_version=&#8221;4.16&#8243; use_background_color_gradient=&#8221;on&#8221; background_color_gradient_stops=&#8221;#ffffff 0%|#e8eefc 100%&#8221; background_color_gradient_start=&#8221;#ffffff&#8221; background_color_gradient_end=&#8221;#e8eefc&#8221; background_image=&#8221;http:\/\/megaparts.com.co\/wp-content\/uploads\/2021\/10\/fondo5-25-min.png&#8221; custom_margin_tablet=&#8221;&#8221; custom_margin_phone=&#8221;-118px||||false|false&#8221; custom_margin_last_edited=&#8221;on|phone&#8221; custom_padding=&#8221;234px|0px|191px|0px|false|&#8221; global_colors_info=&#8221;{}&#8221;][et_pb_row _builder_version=&#8221;4.16&#8243; _module_preset=&#8221;default&#8221; custom_padding=&#8221;90px|||||&#8221; animation_style=&#8221;fade&#8221; global_colors_info=&#8221;{}&#8221;][et_pb_column type=&#8221;4_4&#8243; _builder_version=&#8221;4.16&#8243; _module_preset=&#8221;default&#8221; global_colors_info=&#8221;{}&#8221;][et_pb_text _builder_version=&#8221;4.16&#8243; _module_preset=&#8221;default&#8221; header_font=&#8221;Amiko|700||on|||||&#8221; header_text_align=&#8221;center&#8221; header_text_color=&#8221;#FFFFFF&#8221; header_font_size=&#8221;47px&#8221; custom_margin=&#8221;||-13px|||&#8221; header_font_size_tablet=&#8221;&#8221; header_font_size_phone=&#8221;40px&#8221; header_font_size_last_edited=&#8221;on|phone&#8221; header_text_shadow_style=&#8221;preset1&#8243; global_colors_info=&#8221;{}&#8221;]<\/p>\n<h1>Formulario<\/h1>\n<p>[\/et_pb_text][et_pb_divider color=&#8221;#61a730&#8243; divider_position=&#8221;center&#8221; divider_weight=&#8221;3px&#8221; _builder_version=&#8221;4.16&#8243; _module_preset=&#8221;default&#8221; width=&#8221;37%&#8221; module_alignment=&#8221;center&#8221; global_colors_info=&#8221;{}&#8221;][\/et_pb_divider][\/et_pb_column][\/et_pb_row][et_pb_row custom_padding_last_edited=&#8221;on|phone&#8221; _builder_version=&#8221;4.16&#8243; _module_preset=&#8221;default&#8221; module_alignment=&#8221;center&#8221; custom_margin=&#8221;||||true|false&#8221; custom_padding=&#8221;50px|58px|50px|58px|true|true&#8221; custom_padding_tablet=&#8221;&#8221; custom_padding_phone=&#8221;42px|14px|42px|14px|true|true&#8221; animation_style=&#8221;fade&#8221; border_radii=&#8221;on|30px|30px|30px|30px&#8221; border_width_all=&#8221;8px&#8221; border_color_all=&#8221;#88cff1&#8243; border_width_all_tablet=&#8221;&#8221; border_width_all_phone=&#8221;4px&#8221; border_width_all_last_edited=&#8221;on|phone&#8221; global_colors_info=&#8221;{}&#8221;][et_pb_column type=&#8221;4_4&#8243; _builder_version=&#8221;4.16&#8243; _module_preset=&#8221;default&#8221; global_colors_info=&#8221;{}&#8221;][et_pb_contact_form email=&#8221;gerencia@megaparts.com.co&#8221; custom_message=&#8221;Este mensaje viene del sitio web megaparts.com.co&#8221; submit_button_text=&#8221;Enviar&#8221; _builder_version=&#8221;4.25.2&#8243; _module_preset=&#8221;default&#8221; _unique_id=&#8221;d9e48549-fd0d-4337-aeef-c0deddc02e1d&#8221; captcha_text_color=&#8221;#88cff1&#8243; custom_button=&#8221;on&#8221; button_text_color=&#8221;#88cff1&#8243; border_radii=&#8221;on|14px|14px|14px|14px&#8221; global_colors_info=&#8221;{}&#8221;][et_pb_contact_field field_id=&#8221;Name&#8221; field_title=&#8221;Name&#8221; _builder_version=&#8221;4.16&#8243; global_colors_info=&#8221;{}&#8221; button_text_size__hover_enabled=&#8221;off&#8221; button_one_text_size__hover_enabled=&#8221;off&#8221; button_two_text_size__hover_enabled=&#8221;off&#8221; button_text_color__hover_enabled=&#8221;off&#8221; button_one_text_color__hover_enabled=&#8221;off&#8221; button_two_text_color__hover_enabled=&#8221;off&#8221; button_border_width__hover_enabled=&#8221;off&#8221; button_one_border_width__hover_enabled=&#8221;off&#8221; button_two_border_width__hover_enabled=&#8221;off&#8221; button_border_color__hover_enabled=&#8221;off&#8221; button_one_border_color__hover_enabled=&#8221;off&#8221; button_two_border_color__hover_enabled=&#8221;off&#8221; button_border_radius__hover_enabled=&#8221;off&#8221; button_one_border_radius__hover_enabled=&#8221;off&#8221; button_two_border_radius__hover_enabled=&#8221;off&#8221; button_letter_spacing__hover_enabled=&#8221;off&#8221; button_one_letter_spacing__hover_enabled=&#8221;off&#8221; button_two_letter_spacing__hover_enabled=&#8221;off&#8221; button_bg_color__hover_enabled=&#8221;off&#8221; button_one_bg_color__hover_enabled=&#8221;off&#8221; button_two_bg_color__hover_enabled=&#8221;off&#8221;][\/et_pb_contact_field][et_pb_contact_field field_id=&#8221;Email&#8221; field_title=&#8221;Email Address&#8221; field_type=&#8221;email&#8221; _builder_version=&#8221;4.16&#8243; global_colors_info=&#8221;{}&#8221; button_text_size__hover_enabled=&#8221;off&#8221; button_one_text_size__hover_enabled=&#8221;off&#8221; button_two_text_size__hover_enabled=&#8221;off&#8221; button_text_color__hover_enabled=&#8221;off&#8221; button_one_text_color__hover_enabled=&#8221;off&#8221; button_two_text_color__hover_enabled=&#8221;off&#8221; button_border_width__hover_enabled=&#8221;off&#8221; button_one_border_width__hover_enabled=&#8221;off&#8221; button_two_border_width__hover_enabled=&#8221;off&#8221; button_border_color__hover_enabled=&#8221;off&#8221; button_one_border_color__hover_enabled=&#8221;off&#8221; button_two_border_color__hover_enabled=&#8221;off&#8221; button_border_radius__hover_enabled=&#8221;off&#8221; button_one_border_radius__hover_enabled=&#8221;off&#8221; button_two_border_radius__hover_enabled=&#8221;off&#8221; button_letter_spacing__hover_enabled=&#8221;off&#8221; button_one_letter_spacing__hover_enabled=&#8221;off&#8221; button_two_letter_spacing__hover_enabled=&#8221;off&#8221; button_bg_color__hover_enabled=&#8221;off&#8221; button_one_bg_color__hover_enabled=&#8221;off&#8221; button_two_bg_color__hover_enabled=&#8221;off&#8221;][\/et_pb_contact_field][et_pb_contact_field field_id=&#8221;Message&#8221; field_title=&#8221;Message&#8221; field_type=&#8221;text&#8221; fullwidth_field=&#8221;on&#8221; _builder_version=&#8221;4.16&#8243; global_colors_info=&#8221;{}&#8221; button_text_size__hover_enabled=&#8221;off&#8221; button_one_text_size__hover_enabled=&#8221;off&#8221; button_two_text_size__hover_enabled=&#8221;off&#8221; button_text_color__hover_enabled=&#8221;off&#8221; button_one_text_color__hover_enabled=&#8221;off&#8221; button_two_text_color__hover_enabled=&#8221;off&#8221; button_border_width__hover_enabled=&#8221;off&#8221; button_one_border_width__hover_enabled=&#8221;off&#8221; button_two_border_width__hover_enabled=&#8221;off&#8221; button_border_color__hover_enabled=&#8221;off&#8221; button_one_border_color__hover_enabled=&#8221;off&#8221; button_two_border_color__hover_enabled=&#8221;off&#8221; button_border_radius__hover_enabled=&#8221;off&#8221; button_one_border_radius__hover_enabled=&#8221;off&#8221; button_two_border_radius__hover_enabled=&#8221;off&#8221; button_letter_spacing__hover_enabled=&#8221;off&#8221; button_one_letter_spacing__hover_enabled=&#8221;off&#8221; button_two_letter_spacing__hover_enabled=&#8221;off&#8221; button_bg_color__hover_enabled=&#8221;off&#8221; button_one_bg_color__hover_enabled=&#8221;off&#8221; button_two_bg_color__hover_enabled=&#8221;off&#8221;][\/et_pb_contact_field][\/et_pb_contact_form][et_pb_image src=&#8221;http:\/\/megaparts.com.co\/wp-content\/uploads\/2021\/10\/logo2-gris-15-min.png&#8221; title_text=&#8221;logo2 gris-15-min&#8221; align=&#8221;center&#8221; _builder_version=&#8221;4.16&#8243; _module_preset=&#8221;default&#8221; width=&#8221;19%&#8221; width_tablet=&#8221;&#8221; width_phone=&#8221;100%&#8221; width_last_edited=&#8221;on|phone&#8221; module_alignment=&#8221;left&#8221; module_alignment_tablet=&#8221;&#8221; module_alignment_phone=&#8221;center&#8221; module_alignment_last_edited=&#8221;on|phone&#8221; global_colors_info=&#8221;{}&#8221;][\/et_pb_image][\/et_pb_column][\/et_pb_row][et_pb_row _builder_version=&#8221;4.16&#8243; _module_preset=&#8221;default&#8221; global_colors_info=&#8221;{}&#8221;][et_pb_column type=&#8221;4_4&#8243; _builder_version=&#8221;4.16&#8243; _module_preset=&#8221;default&#8221; global_colors_info=&#8221;{}&#8221;][et_pb_code _builder_version=&#8221;4.16&#8243; _module_preset=&#8221;default&#8221; border_radii=&#8221;on|28px|28px|28px|28px&#8221; global_colors_info=&#8221;{}&#8221;]<iframe src=\"https:\/\/www.google.com\/maps\/embed?pb=!1m18!1m12!1m3!1d3966.0775858851393!2d-75.5857975852831!3d6.253508295473527!2m3!1f0!2f0!3f0!3m2!1i1024!2i768!4f13.1!3m3!1m2!1s0x8e4429067aecb505%3A0x689a6dd871a82cf2!2sCl.%2048%20%2366-30%2C%20Medell%C3%ADn%2C%20Antioquia!5e0!3m2!1ses!2sco!4v1633987228247!5m2!1ses!2sco\" width=\"1200\" height=\"600\" style=\"border:0;\" allowfullscreen=\"\" loading=\"lazy\"><\/iframe>[\/et_pb_code][\/et_pb_column][\/et_pb_row][\/et_pb_section][et_pb_section fb_built=&#8221;1&#8243; admin_label=&#8221;Features&#8221; _builder_version=&#8221;4.16&#8243; background_color=&#8221;RGBA(0,0,0,0)&#8221; background_image=&#8221;http:\/\/megaparts.com.co\/wp-content\/uploads\/2021\/10\/img2-16-min2.png&#8221; custom_margin=&#8221;-7px|||||&#8221; custom_padding=&#8221;140px|0px|140px|0px|true|&#8221; global_colors_info=&#8221;{}&#8221;][et_pb_row _builder_version=&#8221;4.16&#8243; custom_margin=&#8221;|||&#8221; global_colors_info=&#8221;{}&#8221;][et_pb_column type=&#8221;4_4&#8243; _builder_version=&#8221;4.16&#8243; custom_padding=&#8221;|||&#8221; global_colors_info=&#8221;{}&#8221; custom_padding__hover=&#8221;|||&#8221;][et_pb_text _builder_version=&#8221;4.16&#8243; text_font=&#8221;Lato||||||||&#8221; text_text_color=&#8221;#898f99&#8243; text_font_size=&#8221;18px&#8221; text_line_height=&#8221;2em&#8221; header_font=&#8221;||||||||&#8221; header_2_font=&#8221;Lato|700|||||||&#8221; header_2_text_color=&#8221;#FFFFFF&#8221; header_2_font_size=&#8221;46px&#8221; header_2_letter_spacing=&#8221;7px&#8221; header_2_line_height=&#8221;1.5em&#8221; text_orientation=&#8221;center&#8221; max_width=&#8221;800px&#8221; module_alignment=&#8221;center&#8221; animation_style=&#8221;fade&#8221; header_2_font_size_tablet=&#8221;&#8221; header_2_font_size_phone=&#8221;34px&#8221; header_2_font_size_last_edited=&#8221;on|phone&#8221; locked=&#8221;off&#8221; global_colors_info=&#8221;{}&#8221;]<\/p>\n<h2>EXPERTOS EN<br \/>TURBOS Y AUTOPARTES<\/h2>\n<p>[\/et_pb_text][\/et_pb_column][\/et_pb_row][\/et_pb_section][et_pb_section fb_built=&#8221;1&#8243; _builder_version=&#8221;4.16&#8243; _module_preset=&#8221;default&#8221; background_color=&#8221;#2e5274&#8243; custom_padding=&#8221;82px||82px||true|&#8221; global_colors_info=&#8221;{}&#8221;][et_pb_row _builder_version=&#8221;4.16&#8243; _module_preset=&#8221;default&#8221; animation_style=&#8221;flip&#8221; global_colors_info=&#8221;{}&#8221;][et_pb_column type=&#8221;4_4&#8243; _builder_version=&#8221;4.16&#8243; _module_preset=&#8221;default&#8221; global_colors_info=&#8221;{}&#8221;][et_pb_image src=&#8221;http:\/\/megaparts.com.co\/wp-content\/uploads\/2021\/10\/logo-azul-y-blaco-09-min.png&#8221; title_text=&#8221;logo azul y blaco-09-min&#8221; align=&#8221;center&#8221; _builder_version=&#8221;4.16&#8243; _module_preset=&#8221;default&#8221; width=&#8221;30%&#8221; width_tablet=&#8221;&#8221; width_phone=&#8221;74%&#8221; width_last_edited=&#8221;on|phone&#8221; global_colors_info=&#8221;{}&#8221;][\/et_pb_image][et_pb_text _builder_version=&#8221;4.25.2&#8243; _module_preset=&#8221;default&#8221; text_text_color=&#8221;#FFFFFF&#8221; text_font_size=&#8221;19px&#8221; text_line_height=&#8221;1.6em&#8221; custom_margin=&#8221;||43px|||&#8221; text_font_size_tablet=&#8221;&#8221; text_font_size_phone=&#8221;17px&#8221; text_font_size_last_edited=&#8221;on|phone&#8221; global_colors_info=&#8221;{}&#8221;]<\/p>\n<p style=\"text-align: center;\">Calle 48 #66 &#8211; 30 Medell\u00edn &#8211; Colombia<br \/>PBX: 604 4482611 Celular: 3137974391<br \/>Gerencia@megaparts.com.co &#8211; www.megaparts.com.co<\/p>\n<p>[\/et_pb_text][et_pb_social_media_follow icon_color=&#8221;#2e5274&#8243; use_icon_font_size=&#8221;on&#8221; icon_font_size=&#8221;28px&#8221; icon_font_size_tablet=&#8221;&#8221; icon_font_size_phone=&#8221;25px&#8221; icon_font_size_last_edited=&#8221;on|phone&#8221; _builder_version=&#8221;4.27.2&#8243; _module_preset=&#8221;default&#8221; text_orientation=&#8221;center&#8221; animation_style=&#8221;fade&#8221; hover_enabled=&#8221;0&#8243; border_radii=&#8221;on|14px|14px|14px|14px&#8221; global_colors_info=&#8221;{}&#8221; sticky_enabled=&#8221;0&#8243;][et_pb_social_media_follow_network social_network=&#8221;facebook&#8221; url=&#8221;https:\/\/www.facebook.com\/spturbo\/&#8221; _builder_version=&#8221;4.16&#8243; _module_preset=&#8221;default&#8221; background_color=&#8221;#FFFFFF&#8221; background_enable_color=&#8221;on&#8221; global_colors_info=&#8221;{}&#8221; follow_button=&#8221;off&#8221; url_new_window=&#8221;on&#8221;]facebook[\/et_pb_social_media_follow_network][et_pb_social_media_follow_network social_network=&#8221;instagram&#8221; url=&#8221;https:\/\/instagram.com\/megapartsas?utm_medium=copy_link&#8221; _builder_version=&#8221;4.16&#8243; _module_preset=&#8221;default&#8221; background_color=&#8221;#FFFFFF&#8221; background_enable_color=&#8221;on&#8221; global_colors_info=&#8221;{}&#8221; follow_button=&#8221;off&#8221; url_new_window=&#8221;on&#8221;]instagram[\/et_pb_social_media_follow_network][et_pb_social_media_follow_network social_network=&#8221;linkedin&#8221; background_color=&#8221;#FFFFFF&#8221; _builder_version=&#8221;4.27.2&#8243; _module_preset=&#8221;default&#8221; follow_button=&#8221;off&#8221; url_new_window=&#8221;on&#8221; url=&#8221;https:\/\/www.linkedin.com\/in\/megaparts-s-a-s-988890236\/&#8221; background_enable_color=&#8221;on&#8221; hover_enabled=&#8221;0&#8243; sticky_enabled=&#8221;0&#8243;]linkedin[\/et_pb_social_media_follow_network][\/et_pb_social_media_follow][\/et_pb_column][\/et_pb_row][\/et_pb_section]<\/p>\n","protected":false},"excerpt":{"rendered":"<p>ContactoLuego de esta breve rese\u00f1a, queremos hacer formal nuestra propuesta para establecer una relaci\u00f3n comercial con su empresa y cubrir todas sus necesidades en la l\u00ednea automotriz. Le invitamos a que nos contactes a trav\u00e9s de los distintos medios que tenemos para ti: nuestro formulario te permite consultar sobre dudas e inquietudes puntuales, dilig\u00e9ncialo y nos pondremos en contacto contigo; a trav\u00e9s de nuestro bot\u00f3n de Whatsapp tambi\u00e9n podremos atender tus requerimientos; y por \u00faltimo te dejamos toda nuestra informaci\u00f3n de ubicaci\u00f3n, l\u00edneas telefonicas y redes sociales. Aproveche nuestros servicios, y tome ventaja de nuestros precios. Contactenos.FormularioEXPERTOS ENTURBOS Y AUTOPARTESCalle 48 #66 &#8211; 30 Medell\u00edn &#8211; ColombiaPBX: 604 4482611 Celular: 3137974391Gerencia@megaparts.com.co &#8211; www.megaparts.com.co<\/p>\n","protected":false},"author":1,"featured_media":0,"parent":0,"menu_order":0,"comment_status":"closed","ping_status":"closed","template":"page-template-blank.php","meta":{"_et_pb_use_builder":"on","_et_pb_old_content":"","_et_gb_content_width":"","om_disable_all_campaigns":false,"_monsterinsights_skip_tracking":false,"_monsterinsights_sitenote_active":false,"_monsterinsights_sitenote_note":"","_monsterinsights_sitenote_category":0,"_joinchat":[],"footnotes":""},"class_list":["post-117","page","type-page","status-publish","hentry"],"aioseo_notices":[],"jetpack_sharing_enabled":true,"_links":{"self":[{"href":"https:\/\/megaparts.com.co\/index.php\/wp-json\/wp\/v2\/pages\/117","targetHints":{"allow":["GET"]}}],"collection":[{"href":"https:\/\/megaparts.com.co\/index.php\/wp-json\/wp\/v2\/pages"}],"about":[{"href":"https:\/\/megaparts.com.co\/index.php\/wp-json\/wp\/v2\/types\/page"}],"author":[{"embeddable":true,"href":"https:\/\/megaparts.com.co\/index.php\/wp-json\/wp\/v2\/users\/1"}],"replies":[{"embeddable":true,"href":"https:\/\/megaparts.com.co\/index.php\/wp-json\/wp\/v2\/comments?post=117"}],"version-history":[{"count":34,"href":"https:\/\/megaparts.com.co\/index.php\/wp-json\/wp\/v2\/pages\/117\/revisions"}],"predecessor-version":[{"id":755,"href":"https:\/\/megaparts.com.co\/index.php\/wp-json\/wp\/v2\/pages\/117\/revisions\/755"}],"wp:attachment":[{"href":"https:\/\/megaparts.com.co\/index.php\/wp-json\/wp\/v2\/media?parent=117"}],"curies":[{"name":"wp","href":"https:\/\/api.w.org\/{rel}","templated":true}]}}