{"id":549,"date":"2024-05-22T15:07:16","date_gmt":"2024-05-22T15:07:16","guid":{"rendered":"https:\/\/megaparts.com.co\/?page_id=549"},"modified":"2024-10-24T23:28:17","modified_gmt":"2024-10-24T23:28:17","slug":"borgwarner","status":"publish","type":"page","link":"https:\/\/megaparts.com.co\/index.php\/borgwarner\/","title":{"rendered":"BorgWarner"},"content":{"rendered":"<p>[et_pb_section fb_built=&#8221;1&#8243; admin_label=&#8221;Hero section&#8221; _builder_version=&#8221;4.16&#8243; background_image=&#8221;http:\/\/megaparts.com.co\/wp-content\/uploads\/2021\/10\/ima5-26-min.png&#8221; background_position=&#8221;top_center&#8221; custom_margin=&#8221;|||&#8221; custom_padding=&#8221;10%||14%|&#8221; global_colors_info=&#8221;{}&#8221;][et_pb_row _builder_version=&#8221;4.16&#8243; _module_preset=&#8221;default&#8221; global_colors_info=&#8221;{}&#8221;][et_pb_column type=&#8221;4_4&#8243; _builder_version=&#8221;4.16&#8243; _module_preset=&#8221;default&#8221; global_colors_info=&#8221;{}&#8221;][et_pb_image src=&#8221;http:\/\/megaparts.com.co\/wp-content\/uploads\/2021\/10\/logo-azul-y-blaco-09-min.png&#8221; title_text=&#8221;logo azul y blaco-09-min&#8221; _builder_version=&#8221;4.16&#8243; _module_preset=&#8221;default&#8221; animation_style=&#8221;fade&#8221; global_colors_info=&#8221;{}&#8221;][\/et_pb_image][et_pb_menu menu_style=&#8221;centered&#8221; active_link_color=&#8221;#61a730&#8243; dropdown_menu_bg_color=&#8221;#2e5274&#8243; dropdown_menu_line_color=&#8221;#7cda24&#8243; dropdown_menu_text_color=&#8221;#FFFFFF&#8221; dropdown_menu_active_link_color=&#8221;#61a730&#8243; mobile_menu_bg_color=&#8221;#2e5274&#8243; mobile_menu_text_color=&#8221;#FFFFFF&#8221; menu_icon_color=&#8221;#FFFFFF&#8221; _builder_version=&#8221;4.16&#8243; _module_preset=&#8221;default&#8221; menu_font=&#8221;Alata||||||||&#8221; menu_text_color=&#8221;#FFFFFF&#8221; menu_font_size=&#8221;21px&#8221; menu_letter_spacing=&#8221;4px&#8221; background_enable_color=&#8221;off&#8221; global_colors_info=&#8221;{}&#8221;][\/et_pb_menu][\/et_pb_column][\/et_pb_row][\/et_pb_section][et_pb_section fb_built=&#8221;1&#8243; _builder_version=&#8221;4.16&#8243; custom_padding=&#8221;54px|0px|72px|0px||&#8221; global_colors_info=&#8221;{}&#8221;][et_pb_row use_custom_gutter=&#8221;on&#8221; gutter_width=&#8221;1&#8243; _builder_version=&#8221;4.16&#8243; background_color=&#8221;#ffffff&#8221; background_size=&#8221;initial&#8221; background_position=&#8221;top_left&#8221; background_repeat=&#8221;repeat&#8221; max_width=&#8221;1440px&#8221; custom_margin=&#8221;-10%|||&#8221; custom_padding=&#8221;60px|0px|60px|0px&#8221; animation_style=&#8221;slide&#8221; animation_direction=&#8221;bottom&#8221; animation_intensity_slide=&#8221;6%&#8221; animation_starting_opacity=&#8221;100%&#8221; border_radii=&#8221;on|15px|15px|15px|15px&#8221; border_color_all=&#8221;#61a730&#8243; border_width_top=&#8221;18px&#8221; box_shadow_style=&#8221;preset3&#8243; box_shadow_vertical=&#8221;39px&#8221; box_shadow_blur=&#8221;80px&#8221; box_shadow_color=&#8221;rgba(0,0,0,0.1)&#8221; use_custom_width=&#8221;on&#8221; custom_width_px=&#8221;1440px&#8221; global_colors_info=&#8221;{}&#8221;][et_pb_column type=&#8221;4_4&#8243; _builder_version=&#8221;4.16&#8243; custom_padding=&#8221;|40px||40px&#8221; global_colors_info=&#8221;{}&#8221; custom_padding__hover=&#8221;|||&#8221;][et_pb_image src=&#8221;http:\/\/megaparts.com.co\/wp-content\/uploads\/2024\/05\/BorgWarner_Logo_Final_Rv.Blue_.RGB_.for-PPT-2000&#215;556-1.jpg&#8221; title_text=&#8221;Print&#8221; _builder_version=&#8221;4.25.1&#8243; _module_preset=&#8221;default&#8221; width=&#8221;55%&#8221; width_tablet=&#8221;&#8221; width_phone=&#8221;74%&#8221; width_last_edited=&#8221;on|phone&#8221; module_alignment=&#8221;center&#8221; global_colors_info=&#8221;{}&#8221;][\/et_pb_image][\/et_pb_column][\/et_pb_row][\/et_pb_section][et_pb_section fb_built=&#8221;1&#8243; custom_padding_last_edited=&#8221;on|phone&#8221; _builder_version=&#8221;4.16&#8243; _module_preset=&#8221;default&#8221; custom_padding=&#8221;64px||64px||true|&#8221; custom_padding_tablet=&#8221;&#8221; custom_padding_phone=&#8221;0px||0px||true|false&#8221; global_colors_info=&#8221;{}&#8221;][et_pb_row _builder_version=&#8221;4.16&#8243; _module_preset=&#8221;default&#8221; global_colors_info=&#8221;{}&#8221;][et_pb_column type=&#8221;4_4&#8243; _builder_version=&#8221;4.16&#8243; _module_preset=&#8221;default&#8221; global_colors_info=&#8221;{}&#8221;][et_pb_text _builder_version=&#8221;4.25.1&#8243; _module_preset=&#8221;default&#8221; text_font_size=&#8221;20px&#8221; text_line_height=&#8221;1.5em&#8221; animation_style=&#8221;fade&#8221; global_colors_info=&#8221;{}&#8221;]<\/p>\n<p style=\"text-align: center;\">BorgWarner Inc. es un proveedor automotriz estadounidense con sede en Auburn Hills, M\u00edchigan. La empresa cuenta con plantas de producci\u00f3n y centros t\u00e9cnicos repartidos en 93 ubicaciones de 22 pa\u00edses.<\/p>\n<p style=\"text-align: center;\">BorgWarner es la elecci\u00f3n perfecta en el mercado secundario, y no solo por la calidad legendaria de los productos, tambi\u00e9n por la selecci\u00f3n y amplitud de servicios y por la velocidad que ofrecen.<\/p>\n<p style=\"text-align: center;\">Si los fabricantes de veh\u00edculos de todo el mundo quieren que sus motores cumplan las normas de emisiones m\u00e1s exigentes y abrir nuevos caminos en el ahorro de combustible, si desean combinar excelente rendimiento con un alto nivel de fiabilidad, entonces BorgWarner es la primera opci\u00f3n. Como l\u00edder en sistemas de propulsi\u00f3n para veh\u00edculos de combusti\u00f3n, h\u00edbridos y el\u00e9ctricos, ayudamos a la industria automotriz a desarrollar la generaci\u00f3n de veh\u00edculos del ma\u00f1ana<\/p>\n<p style=\"text-align: center;\">[\/et_pb_text][\/et_pb_column][\/et_pb_row][\/et_pb_section][et_pb_section fb_built=&#8221;1&#8243; custom_padding_last_edited=&#8221;on|phone&#8221; admin_label=&#8221;About Section&#8221; _builder_version=&#8221;4.25.1&#8243; use_background_color_gradient=&#8221;on&#8221; background_color_gradient_stops=&#8221;#ffffff 0%|#e8eefc 100%&#8221; background_color_gradient_start=&#8221;#ffffff&#8221; background_color_gradient_end=&#8221;#e8eefc&#8221; background_image=&#8221;http:\/\/megaparts.com.co\/wp-content\/uploads\/2021\/10\/fondo1-13-min.png&#8221; background_size=&#8221;stretch&#8221; custom_margin=&#8221;||||false|false&#8221; custom_margin_tablet=&#8221;&#8221; custom_margin_phone=&#8221;-400px||||false|false&#8221; custom_margin_last_edited=&#8221;on|phone&#8221; custom_padding=&#8221;411px|0px|233px|0px|false|&#8221; custom_padding_tablet=&#8221;&#8221; custom_padding_phone=&#8221;600px|0px|117px|0px|false|false&#8221; global_colors_info=&#8221;{}&#8221;][et_pb_row _builder_version=&#8221;4.16&#8243; _module_preset=&#8221;default&#8221; animation_style=&#8221;flip&#8221; global_colors_info=&#8221;{}&#8221;][et_pb_column type=&#8221;4_4&#8243; _builder_version=&#8221;4.16&#8243; _module_preset=&#8221;default&#8221; global_colors_info=&#8221;{}&#8221;][et_pb_text _builder_version=&#8221;4.16&#8243; _module_preset=&#8221;default&#8221; header_font=&#8221;Amiko|700||on|||||&#8221; header_text_align=&#8221;center&#8221; header_text_color=&#8221;#FFFFFF&#8221; header_font_size=&#8221;44px&#8221; custom_margin=&#8221;||1px|||&#8221; header_font_size_tablet=&#8221;&#8221; header_font_size_phone=&#8221;43px&#8221; header_font_size_last_edited=&#8221;on|phone&#8221; header_text_shadow_style=&#8221;preset1&#8243; global_colors_info=&#8221;{}&#8221;]<\/p>\n<h1>Galeria de productos<\/h1>\n<p>[\/et_pb_text][et_pb_divider color=&#8221;#61a730&#8243; divider_position=&#8221;center&#8221; divider_weight=&#8221;3px&#8221; _builder_version=&#8221;4.16&#8243; _module_preset=&#8221;default&#8221; width=&#8221;65%&#8221; module_alignment=&#8221;center&#8221; global_colors_info=&#8221;{}&#8221;][\/et_pb_divider][\/et_pb_column][\/et_pb_row][et_pb_row _builder_version=&#8221;4.16&#8243; _module_preset=&#8221;default&#8221; global_colors_info=&#8221;{}&#8221;][et_pb_column type=&#8221;4_4&#8243; _builder_version=&#8221;4.16&#8243; _module_preset=&#8221;default&#8221; global_colors_info=&#8221;{}&#8221;][et_pb_gallery gallery_ids=&#8221;553,554,555,556&#8243; posts_number=&#8221;8&#8243; show_title_and_caption=&#8221;off&#8221; module_class=&#8221;.page-prev, .page-next &#8221; _builder_version=&#8221;4.25.1&#8243; _module_preset=&#8221;default&#8221; pagination_font=&#8221;|600|||||||&#8221; pagination_text_color=&#8221;#FFFFFF&#8221; border_radii_image=&#8221;on|12px|12px|12px|12px&#8221; border_width_all_image=&#8221;4px&#8221; border_color_all_image=&#8221;#88cff1&#8243; global_colors_info=&#8221;{}&#8221; show_pagination__hover_enabled=&#8221;off|desktop&#8221;][\/et_pb_gallery][dica_divi_carousel advanced_effect=&#8221;1&#8243; _builder_version=&#8221;4.25.1&#8243; _module_preset=&#8221;default&#8221; global_colors_info=&#8221;{}&#8221;][\/dica_divi_carousel][\/et_pb_column][\/et_pb_row][\/et_pb_section][et_pb_section fb_built=&#8221;1&#8243; admin_label=&#8221;Features&#8221; _builder_version=&#8221;4.16&#8243; background_color=&#8221;RGBA(0,0,0,0)&#8221; background_image=&#8221;http:\/\/megaparts.com.co\/wp-content\/uploads\/2021\/10\/img2-16-min2.png&#8221; custom_margin=&#8221;-7px|||||&#8221; custom_padding=&#8221;140px|0px|140px|0px|true|&#8221; global_colors_info=&#8221;{}&#8221;][et_pb_row _builder_version=&#8221;4.16&#8243; custom_margin=&#8221;|||&#8221; global_colors_info=&#8221;{}&#8221;][et_pb_column type=&#8221;4_4&#8243; _builder_version=&#8221;4.16&#8243; custom_padding=&#8221;|||&#8221; global_colors_info=&#8221;{}&#8221; custom_padding__hover=&#8221;|||&#8221;][et_pb_text _builder_version=&#8221;4.16&#8243; text_font=&#8221;Lato||||||||&#8221; text_text_color=&#8221;#898f99&#8243; text_font_size=&#8221;18px&#8221; text_line_height=&#8221;2em&#8221; header_font=&#8221;||||||||&#8221; header_2_font=&#8221;Lato|700|||||||&#8221; header_2_text_color=&#8221;#FFFFFF&#8221; header_2_font_size=&#8221;46px&#8221; header_2_letter_spacing=&#8221;7px&#8221; header_2_line_height=&#8221;1.5em&#8221; text_orientation=&#8221;center&#8221; max_width=&#8221;800px&#8221; module_alignment=&#8221;center&#8221; animation_style=&#8221;fade&#8221; header_2_font_size_tablet=&#8221;&#8221; header_2_font_size_phone=&#8221;34px&#8221; header_2_font_size_last_edited=&#8221;on|phone&#8221; locked=&#8221;off&#8221; global_colors_info=&#8221;{}&#8221;]<\/p>\n<h2>EXPERTOS EN<br \/>TURBOS Y AUTOPARTES<\/h2>\n<p>[\/et_pb_text][\/et_pb_column][\/et_pb_row][\/et_pb_section][et_pb_section fb_built=&#8221;1&#8243; _builder_version=&#8221;4.16&#8243; _module_preset=&#8221;default&#8221; background_color=&#8221;#2e5274&#8243; custom_padding=&#8221;82px||82px||true|&#8221; global_colors_info=&#8221;{}&#8221;][et_pb_row _builder_version=&#8221;4.16&#8243; _module_preset=&#8221;default&#8221; animation_style=&#8221;flip&#8221; global_colors_info=&#8221;{}&#8221;][et_pb_column type=&#8221;4_4&#8243; _builder_version=&#8221;4.16&#8243; _module_preset=&#8221;default&#8221; global_colors_info=&#8221;{}&#8221;][et_pb_image src=&#8221;http:\/\/megaparts.com.co\/wp-content\/uploads\/2021\/10\/logo-azul-y-blaco-09-min.png&#8221; title_text=&#8221;logo azul y blaco-09-min&#8221; align=&#8221;center&#8221; _builder_version=&#8221;4.16&#8243; _module_preset=&#8221;default&#8221; width=&#8221;30%&#8221; width_tablet=&#8221;&#8221; width_phone=&#8221;74%&#8221; width_last_edited=&#8221;on|phone&#8221; global_colors_info=&#8221;{}&#8221;][\/et_pb_image][et_pb_text _builder_version=&#8221;4.25.2&#8243; _module_preset=&#8221;default&#8221; text_text_color=&#8221;#FFFFFF&#8221; text_font_size=&#8221;19px&#8221; text_line_height=&#8221;1.6em&#8221; custom_margin=&#8221;||43px|||&#8221; text_font_size_tablet=&#8221;&#8221; text_font_size_phone=&#8221;17px&#8221; text_font_size_last_edited=&#8221;on|phone&#8221; global_colors_info=&#8221;{}&#8221;]<\/p>\n<p style=\"text-align: center;\">Calle 48 #66 &#8211; 30 Medell\u00edn &#8211; Colombia<br \/>PBX: 604 4482611 Celular: 3137974391<br \/>Gerencia@megaparts.com.co &#8211; www.megaparts.com.co<\/p>\n<p>[\/et_pb_text][et_pb_social_media_follow icon_color=&#8221;#2e5274&#8243; use_icon_font_size=&#8221;on&#8221; icon_font_size=&#8221;28px&#8221; icon_font_size_tablet=&#8221;&#8221; icon_font_size_phone=&#8221;25px&#8221; icon_font_size_last_edited=&#8221;on|phone&#8221; _builder_version=&#8221;4.27.2&#8243; _module_preset=&#8221;default&#8221; text_orientation=&#8221;center&#8221; animation_style=&#8221;fade&#8221; hover_enabled=&#8221;0&#8243; border_radii=&#8221;on|14px|14px|14px|14px&#8221; global_colors_info=&#8221;{}&#8221; sticky_enabled=&#8221;0&#8243;][et_pb_social_media_follow_network social_network=&#8221;facebook&#8221; url=&#8221;https:\/\/www.facebook.com\/spturbo\/&#8221; _builder_version=&#8221;4.16&#8243; _module_preset=&#8221;default&#8221; background_color=&#8221;#FFFFFF&#8221; background_enable_color=&#8221;on&#8221; global_colors_info=&#8221;{}&#8221; follow_button=&#8221;off&#8221; url_new_window=&#8221;on&#8221;]facebook[\/et_pb_social_media_follow_network][et_pb_social_media_follow_network social_network=&#8221;instagram&#8221; url=&#8221;https:\/\/instagram.com\/megapartsas?utm_medium=copy_link&#8221; _builder_version=&#8221;4.16&#8243; _module_preset=&#8221;default&#8221; background_color=&#8221;#FFFFFF&#8221; background_enable_color=&#8221;on&#8221; global_colors_info=&#8221;{}&#8221; follow_button=&#8221;off&#8221; url_new_window=&#8221;on&#8221;]instagram[\/et_pb_social_media_follow_network][et_pb_social_media_follow_network social_network=&#8221;linkedin&#8221; background_color=&#8221;#FFFFFF&#8221; _builder_version=&#8221;4.27.2&#8243; _module_preset=&#8221;default&#8221; follow_button=&#8221;off&#8221; url_new_window=&#8221;on&#8221; url=&#8221;https:\/\/www.linkedin.com\/in\/megaparts-s-a-s-988890236\/&#8221; background_enable_color=&#8221;on&#8221; hover_enabled=&#8221;0&#8243; sticky_enabled=&#8221;0&#8243;]linkedin[\/et_pb_social_media_follow_network][\/et_pb_social_media_follow][\/et_pb_column][\/et_pb_row][\/et_pb_section]<\/p>\n","protected":false},"excerpt":{"rendered":"<p>BorgWarner Inc. es un proveedor automotriz estadounidense con sede en Auburn Hills, M\u00edchigan. La empresa cuenta con plantas de producci\u00f3n y centros t\u00e9cnicos repartidos en 93 ubicaciones de 22 pa\u00edses. BorgWarner es la elecci\u00f3n perfecta en el mercado secundario, y no solo por la calidad legendaria de los productos, tambi\u00e9n por la selecci\u00f3n y amplitud de servicios y por la velocidad que ofrecen. Si los fabricantes de veh\u00edculos de todo el mundo quieren que sus motores cumplan las normas de emisiones m\u00e1s exigentes y abrir nuevos caminos en el ahorro de combustible, si desean combinar excelente rendimiento con un alto nivel de fiabilidad, entonces BorgWarner es la primera opci\u00f3n. Como l\u00edder en sistemas de propulsi\u00f3n para veh\u00edculos de combusti\u00f3n, h\u00edbridos y el\u00e9ctricos, ayudamos a la industria automotriz a desarrollar la generaci\u00f3n de veh\u00edculos del ma\u00f1ana Galeria de productos<div class=\"et_pb_module dica_divi_carousel dica_divi_carousel_0\">\n\t\t\t\t\n\t\t\t\t\n\t\t\t\t\n\t\t\t\t\n\t\t\t\t\n\t\t\t\t\n\t\t\t\t<div class=\"et_pb_module_inner\">\n\t\t\t\t\t<div class=\"dica-container  desktop_middle-inside tablet_middle-inside mobile_middle-inside\" data-props='{\"desktop\":\"4\",\"tablet\":\"3\",\"mobile\":\"1\",\"speed\":\"500\",\"arrow\":\"off\",\"dots\":\"off\",\"autoplay\":\"off\",\"autoSpeed\":\"1000\",\"loop\":\"off\",\"item_spacing\":\"30\",\"center_mode\":\"off\",\"slider_effec\":\"1\",\"cover_rotate\":\"50\",\"pause_onhover\":\"off\",\"multislide\":\"off\",\"cfshadow\":\"on\",\"order\":\"0\",\"lazyload\":\"off\",\"lazybefore\":\"off\",\"scroller_effect\":\"off\",\"autowidth\":\"off\",\"item_spacing_tablet\":\"30\",\"item_spacing_phone\":\"30\",\"scroller_speed\":\"4000\",\"hashNavigation\":\"off\",\"simulatetouch\":\"off\",\"allowtouchmove\":\"off\",\"slide_row\":\"1\",\"slide_row_tablet\":\"1\",\"slide_row_phone\":\"1\",\"keyboard\":\"off\",\"mousewheel\":\"off\",\"autoplay_viewport\":\"\"}'>\n\t\t\t\t\t\t\t \t<div class=\"swiper-container\" >\n\t\t\t\t\t\t\t\t\t<div class=\"swiper-wrapper\"><\/div>\t\n\t\t\t\t\t\t\t\t<\/div>\t\n\t\t\t\t\t\t\t\t\n\t\t\t\t\t\t\t\t\t\t\t\t\t\t\n\t\t\t\t\t\t\t<\/div>\n\t\t\t\t<\/div>\n\t\t\t<\/div>EXPERTOS ENTURBOS Y AUTOPARTESCalle 48 #66 &#8211; 30 Medell\u00edn &#8211; ColombiaPBX: 604 4482611 Celular: 3137974391Gerencia@megaparts.com.co &#8211; www.megaparts.com.co<\/p>\n","protected":false},"author":1,"featured_media":0,"parent":0,"menu_order":0,"comment_status":"closed","ping_status":"closed","template":"page-template-blank.php","meta":{"_et_pb_use_builder":"on","_et_pb_old_content":"","_et_gb_content_width":"","om_disable_all_campaigns":false,"_monsterinsights_skip_tracking":false,"_monsterinsights_sitenote_active":false,"_monsterinsights_sitenote_note":"","_monsterinsights_sitenote_category":0,"_joinchat":[],"footnotes":""},"class_list":["post-549","page","type-page","status-publish","hentry"],"aioseo_notices":[],"jetpack_sharing_enabled":true,"_links":{"self":[{"href":"https:\/\/megaparts.com.co\/index.php\/wp-json\/wp\/v2\/pages\/549","targetHints":{"allow":["GET"]}}],"collection":[{"href":"https:\/\/megaparts.com.co\/index.php\/wp-json\/wp\/v2\/pages"}],"about":[{"href":"https:\/\/megaparts.com.co\/index.php\/wp-json\/wp\/v2\/types\/page"}],"author":[{"embeddable":true,"href":"https:\/\/megaparts.com.co\/index.php\/wp-json\/wp\/v2\/users\/1"}],"replies":[{"embeddable":true,"href":"https:\/\/megaparts.com.co\/index.php\/wp-json\/wp\/v2\/comments?post=549"}],"version-history":[{"count":8,"href":"https:\/\/megaparts.com.co\/index.php\/wp-json\/wp\/v2\/pages\/549\/revisions"}],"predecessor-version":[{"id":753,"href":"https:\/\/megaparts.com.co\/index.php\/wp-json\/wp\/v2\/pages\/549\/revisions\/753"}],"wp:attachment":[{"href":"https:\/\/megaparts.com.co\/index.php\/wp-json\/wp\/v2\/media?parent=549"}],"curies":[{"name":"wp","href":"https:\/\/api.w.org\/{rel}","templated":true}]}}